{"id":3531,"date":"2024-08-09T12:05:58","date_gmt":"2024-08-09T10:05:58","guid":{"rendered":"https:\/\/trinitixshop.de\/?post_type=product&#038;p=3531"},"modified":"2026-01-04T13:11:07","modified_gmt":"2026-01-04T12:11:07","slug":"bracelet-energetique-en-acier-inoxydable-noir-bleu-saphir","status":"publish","type":"product","link":"https:\/\/trinitixshop.de\/fr\/produkt\/energetisches-edelstahl-armband-schwarz-saphirblau\/","title":{"rendered":"Energetisches Edelstahl Armband schwarz \/ saphirblau # 8099"},"content":{"rendered":"<p>SB809905T<\/p>","protected":false},"excerpt":{"rendered":"<div class=\"width-80\">\n<div class=\"width-80\">\n<p>Acier inoxydable \u00e9nergie bracelet magn\u00e9tique avec placage ionique noir \/ bleu saphir<\/p>\n<p>L'\u00e9l\u00e9gant bracelet magn\u00e9tique \u00e9nergie avec placage ionique est plus qu'un simple bijou.<\/p>\n<\/div>\n<div class=\"width-80\">\n<p>Durch die Verbindung der zwei Farben entsteht bei Lichteinfall eine eindrucksvolle und schimmernde Wirkung. Neodym Magnet Inlays mit ca. 3.000 Gauss.<\/p>\n<p>Nutze die positive Energie der Magnetkraft. Profitiere von der harmonisierenden Wirkung, die mehr Lebensqualit\u00e4t verleiht.<\/p>\n<\/div>\n<div class=\"width-80\">\n<p>Breite 12 mm<\/p>\n<p>Taille XS (13-14 cm), S (14-15 cm), M (15-16 cm) , L (16-18 cm), XL (18-20 cm) ou XXL (20-22 cm).<\/p>\n<\/div>\n<\/div>","protected":false},"featured_media":3532,"comment_status":"open","ping_status":"closed","template":"","meta":[],"product_brand":[],"product_cat":[17,19],"product_tag":[27],"class_list":{"0":"post-3531","1":"product","2":"type-product","3":"status-publish","4":"has-post-thumbnail","6":"product_cat-alle-produkte","7":"product_cat-armbander","8":"product_tag-tribalance","9":"thunk-woo-product-list","10":"opn-qv-enable","11":"top-store-woo-hover-zoom","12":"top-store-single-product-tab-horizontal","13":"top-store-shadow-","14":"top-store-shadow-hover-","16":"first","17":"instock","18":"sale","19":"taxable","20":"shipping-taxable","21":"purchasable","22":"product-type-variable"},"_links":{"self":[{"href":"https:\/\/trinitixshop.de\/fr\/wp-json\/wp\/v2\/product\/3531","targetHints":{"allow":["GET"]}}],"collection":[{"href":"https:\/\/trinitixshop.de\/fr\/wp-json\/wp\/v2\/product"}],"about":[{"href":"https:\/\/trinitixshop.de\/fr\/wp-json\/wp\/v2\/types\/product"}],"replies":[{"embeddable":true,"href":"https:\/\/trinitixshop.de\/fr\/wp-json\/wp\/v2\/comments?post=3531"}],"wp:featuredmedia":[{"embeddable":true,"href":"https:\/\/trinitixshop.de\/fr\/wp-json\/wp\/v2\/media\/3532"}],"wp:attachment":[{"href":"https:\/\/trinitixshop.de\/fr\/wp-json\/wp\/v2\/media?parent=3531"}],"wp:term":[{"taxonomy":"product_brand","embeddable":true,"href":"https:\/\/trinitixshop.de\/fr\/wp-json\/wp\/v2\/product_brand?post=3531"},{"taxonomy":"product_cat","embeddable":true,"href":"https:\/\/trinitixshop.de\/fr\/wp-json\/wp\/v2\/product_cat?post=3531"},{"taxonomy":"product_tag","embeddable":true,"href":"https:\/\/trinitixshop.de\/fr\/wp-json\/wp\/v2\/product_tag?post=3531"}],"curies":[{"name":"wp","href":"https:\/\/api.w.org\/{rel}","templated":true}]}}