{"id":3541,"date":"2024-08-09T13:08:04","date_gmt":"2024-08-09T11:08:04","guid":{"rendered":"https:\/\/trinitixshop.de\/?post_type=product&#038;p=3541"},"modified":"2024-10-14T15:47:18","modified_gmt":"2024-10-14T13:47:18","slug":"3541","status":"publish","type":"product","link":"https:\/\/trinitixshop.de\/fr\/produkt\/3541\/","title":{"rendered":"Bracelet de tennis Moonlight avec des cristaux blancs Swarovski"},"content":{"rendered":"<p>SB046301T<\/p>","protected":false},"excerpt":{"rendered":"<div class=\"width-80\"><strong>SENSATION DE PRIX<\/strong><\/div>\n<div class=\"width-80\"><\/div>\n<div class=\"width-80\">\n<p>El\u00e9gant bracelet magn\u00e9tique en acier inoxydable \" Moonlight \" avec de nombreux Swarovski Crystal Elements originaux clairs. \"Best Shining Stones\".<\/p>\n<p>Incrustations d'aimants n\u00e9odyme d'environ 2.200 gauss. Largeur env. 6 mm.<\/p>\n<p>Acier inoxydable, exempt de cadmium, de nickel et de plomb. Sans allergie.<\/p>\n<p>Les grands \u00e9l\u00e9ments chatoyants respirent la clart\u00e9 et l'\u00e9l\u00e9gance pure.<\/p>\n<\/div>\n<div class=\"width-80\">Perfectionnez votre tenue et faites une entr\u00e9e glamour gr\u00e2ce au rayonnement fascinant de ces \u00e9l\u00e9ments Crystal \u00e9tincelants ! Bracelet classique de style tennis.<\/div>\n<div><\/div>\n<div class=\"width-80\">\n<p>Taille disponible S\/M ou L\/XL<\/p>\n<p>Taille S\/M = 16,5 cm + 2 \u00e9l\u00e9ments de fermeture suppl\u00e9mentaires pour la rallonge. Environ 1,5 cm chacun<\/p>\n<\/div>\n<div>Taille L\/XL = 19 cm + 2 \u00e9l\u00e9ments de fermeture suppl\u00e9mentaires pour la rallonge. Environ 1,5 cm chacun<\/div>","protected":false},"featured_media":3542,"comment_status":"open","ping_status":"closed","template":"","meta":[],"product_brand":[],"product_cat":[17,19],"product_tag":[25],"class_list":{"0":"post-3541","1":"product","2":"type-product","3":"status-publish","4":"has-post-thumbnail","6":"product_cat-alle-produkte","7":"product_cat-armbander","8":"product_tag-t-prime","9":"thunk-woo-product-list","10":"opn-qv-enable","11":"top-store-woo-hover-zoom","12":"top-store-single-product-tab-horizontal","13":"top-store-shadow-","14":"top-store-shadow-hover-","16":"first","17":"instock","18":"sale","19":"taxable","20":"shipping-taxable","21":"purchasable","22":"product-type-variable"},"_links":{"self":[{"href":"https:\/\/trinitixshop.de\/fr\/wp-json\/wp\/v2\/product\/3541","targetHints":{"allow":["GET"]}}],"collection":[{"href":"https:\/\/trinitixshop.de\/fr\/wp-json\/wp\/v2\/product"}],"about":[{"href":"https:\/\/trinitixshop.de\/fr\/wp-json\/wp\/v2\/types\/product"}],"replies":[{"embeddable":true,"href":"https:\/\/trinitixshop.de\/fr\/wp-json\/wp\/v2\/comments?post=3541"}],"wp:featuredmedia":[{"embeddable":true,"href":"https:\/\/trinitixshop.de\/fr\/wp-json\/wp\/v2\/media\/3542"}],"wp:attachment":[{"href":"https:\/\/trinitixshop.de\/fr\/wp-json\/wp\/v2\/media?parent=3541"}],"wp:term":[{"taxonomy":"product_brand","embeddable":true,"href":"https:\/\/trinitixshop.de\/fr\/wp-json\/wp\/v2\/product_brand?post=3541"},{"taxonomy":"product_cat","embeddable":true,"href":"https:\/\/trinitixshop.de\/fr\/wp-json\/wp\/v2\/product_cat?post=3541"},{"taxonomy":"product_tag","embeddable":true,"href":"https:\/\/trinitixshop.de\/fr\/wp-json\/wp\/v2\/product_tag?post=3541"}],"curies":[{"name":"wp","href":"https:\/\/api.w.org\/{rel}","templated":true}]}}