{"id":3559,"date":"2024-08-09T14:11:41","date_gmt":"2024-08-09T12:11:41","guid":{"rendered":"https:\/\/trinitixshop.de\/?post_type=product&#038;p=3559"},"modified":"2024-08-09T14:11:41","modified_gmt":"2024-08-09T12:11:41","slug":"fashion-energie-bracelet-fun-jeunesse-bicolor-xs-xxl","status":"publish","type":"product","link":"https:\/\/trinitixshop.de\/fr\/produkt\/fashion-energie-armband-fun-jeunesse-bicolor-xs-xxl\/","title":{"rendered":"Fashion Energie Bracelet Fun Jeunesse bicolore XS-XXL"},"content":{"rendered":"<p>SB800800T<\/p>","protected":false},"excerpt":{"rendered":"<div class=\"width-80\">Massif et noble bracelet magn\u00e9tique \u00e9nerg\u00e9tique \"Fun - Jeunesse\" en bicolore.<\/p>\n<p>Largeur d'environ 14 mm. Aimant n\u00e9odyme incrust\u00e9 d'environ 2.200 gauss.<\/p>\n<p>Acier inoxydable, exempt de cadmium, de nickel et de plomb. Sans allergie.<\/p>\n<p>Ann\u00e9e apr\u00e8s ann\u00e9e, nos bracelets \u00e9nerg\u00e9tiques comptent parmi les pi\u00e8ces les plus populaires de la collection.<\/p>\n<p>Essayez vous-m\u00eame \u00e0 quel point ces bijoux sont beaux, robustes et adaptables.<\/p><\/div>\n<div class=\"width-80\">\nVous ne voudrez bient\u00f4t plus vous en s\u00e9parer.<\/p>\n<p>Ressentez la puissance des aimants.<\/p>\n<p>Tailles disponibles :  XS-XXL Taille XS (13-14 cm), S (14-15 cm), M (15-16 cm) , L (16-18 cm), XL (18-20 cm) ou XXL (20-22 cm).<\/p><\/div>\n<div class=\"width-80\"><\/div>\n<div class=\"width-80\">Veuillez nous indiquer la taille de livraison souhait\u00e9e !<\/div>","protected":false},"featured_media":3560,"comment_status":"open","ping_status":"closed","template":"","meta":[],"product_brand":[],"product_cat":[17,19],"product_tag":[],"class_list":{"0":"post-3559","1":"product","2":"type-product","3":"status-publish","4":"has-post-thumbnail","6":"product_cat-alle-produkte","7":"product_cat-armbander","8":"thunk-woo-product-list","9":"opn-qv-enable","10":"top-store-woo-hover-zoom","11":"top-store-single-product-tab-horizontal","12":"top-store-shadow-","13":"top-store-shadow-hover-","15":"first","16":"instock","17":"sale","18":"taxable","19":"shipping-taxable","20":"purchasable","21":"product-type-variable"},"_links":{"self":[{"href":"https:\/\/trinitixshop.de\/fr\/wp-json\/wp\/v2\/product\/3559","targetHints":{"allow":["GET"]}}],"collection":[{"href":"https:\/\/trinitixshop.de\/fr\/wp-json\/wp\/v2\/product"}],"about":[{"href":"https:\/\/trinitixshop.de\/fr\/wp-json\/wp\/v2\/types\/product"}],"replies":[{"embeddable":true,"href":"https:\/\/trinitixshop.de\/fr\/wp-json\/wp\/v2\/comments?post=3559"}],"wp:featuredmedia":[{"embeddable":true,"href":"https:\/\/trinitixshop.de\/fr\/wp-json\/wp\/v2\/media\/3560"}],"wp:attachment":[{"href":"https:\/\/trinitixshop.de\/fr\/wp-json\/wp\/v2\/media?parent=3559"}],"wp:term":[{"taxonomy":"product_brand","embeddable":true,"href":"https:\/\/trinitixshop.de\/fr\/wp-json\/wp\/v2\/product_brand?post=3559"},{"taxonomy":"product_cat","embeddable":true,"href":"https:\/\/trinitixshop.de\/fr\/wp-json\/wp\/v2\/product_cat?post=3559"},{"taxonomy":"product_tag","embeddable":true,"href":"https:\/\/trinitixshop.de\/fr\/wp-json\/wp\/v2\/product_tag?post=3559"}],"curies":[{"name":"wp","href":"https:\/\/api.w.org\/{rel}","templated":true}]}}