{"id":3575,"date":"2024-08-09T15:34:57","date_gmt":"2024-08-09T13:34:57","guid":{"rendered":"https:\/\/trinitixshop.de\/?post_type=product&#038;p=3575"},"modified":"2024-08-09T15:34:57","modified_gmt":"2024-08-09T13:34:57","slug":"wellness-bracelet-en-acier-inoxydable-victoria-or-xs-xxl","status":"publish","type":"product","link":"https:\/\/trinitixshop.de\/fr\/produkt\/wellness-edelstahl-armband-victoria-gold-xs-xxl\/","title":{"rendered":"Wellness Bracelet en acier inoxydable Victoria Gold XS - XXL"},"content":{"rendered":"<p>SB801102T<\/p>","protected":false},"excerpt":{"rendered":"<div class=\"width-80\">Bracelet magn\u00e9tique exclusif, acier inoxydable massif, or \/ 24k dor\u00e9 \u00e0 l'or fin.<\/div>\n<div class=\"width-80\">\nPolissage \u00e9labor\u00e9 : les \u00e9l\u00e9ments sont alternativement polis brillants et mats.<\/p>\n<p>Largeur d'environ 7 mm. Aimant n\u00e9odyme incrust\u00e9 d'environ 2.200 gauss.<br \/>\nAcier inoxydable, exempt de cadmium, de nickel et de plomb. Sans allergie.<\/p>\n<p>La beaut\u00e9 et une nouvelle l\u00e9g\u00e8ret\u00e9. Ann\u00e9e apr\u00e8s ann\u00e9e, nos bracelets \u00e9nerg\u00e9tiques comptent parmi les pi\u00e8ces les plus appr\u00e9ci\u00e9es de la collection.<\/p>\n<p>Essayez vous-m\u00eame \u00e0 quel point ces bijoux sont beaux, robustes et adaptables.<\/p><\/div>\n<div class=\"width-80\">\nVous ne voudrez bient\u00f4t plus vous en s\u00e9parer.<\/p>\n<p>Ressentez la puissance des aimants.<\/p>\n<p>Tailles disponibles :  XS (13-14 cm), S (14-15 cm), M (15-16 cm) , L (16-18 cm), XL (18-20 cm) ou XXL (20-22 cm).<\/p><\/div>\n<div class=\"width-80\"><\/div>\n<div class=\"width-80\">Veuillez nous indiquer la taille de livraison souhait\u00e9e !<\/div>","protected":false},"featured_media":3578,"comment_status":"open","ping_status":"closed","template":"","meta":[],"product_brand":[],"product_cat":[17,19],"product_tag":[24],"class_list":{"0":"post-3575","1":"product","2":"type-product","3":"status-publish","4":"has-post-thumbnail","6":"product_cat-alle-produkte","7":"product_cat-armbander","8":"product_tag-jungbrunn","9":"thunk-woo-product-list","10":"opn-qv-enable","11":"top-store-woo-hover-zoom","12":"top-store-single-product-tab-horizontal","13":"top-store-shadow-","14":"top-store-shadow-hover-","16":"first","17":"instock","18":"sale","19":"taxable","20":"shipping-taxable","21":"purchasable","22":"product-type-variable"},"_links":{"self":[{"href":"https:\/\/trinitixshop.de\/fr\/wp-json\/wp\/v2\/product\/3575","targetHints":{"allow":["GET"]}}],"collection":[{"href":"https:\/\/trinitixshop.de\/fr\/wp-json\/wp\/v2\/product"}],"about":[{"href":"https:\/\/trinitixshop.de\/fr\/wp-json\/wp\/v2\/types\/product"}],"replies":[{"embeddable":true,"href":"https:\/\/trinitixshop.de\/fr\/wp-json\/wp\/v2\/comments?post=3575"}],"wp:featuredmedia":[{"embeddable":true,"href":"https:\/\/trinitixshop.de\/fr\/wp-json\/wp\/v2\/media\/3578"}],"wp:attachment":[{"href":"https:\/\/trinitixshop.de\/fr\/wp-json\/wp\/v2\/media?parent=3575"}],"wp:term":[{"taxonomy":"product_brand","embeddable":true,"href":"https:\/\/trinitixshop.de\/fr\/wp-json\/wp\/v2\/product_brand?post=3575"},{"taxonomy":"product_cat","embeddable":true,"href":"https:\/\/trinitixshop.de\/fr\/wp-json\/wp\/v2\/product_cat?post=3575"},{"taxonomy":"product_tag","embeddable":true,"href":"https:\/\/trinitixshop.de\/fr\/wp-json\/wp\/v2\/product_tag?post=3575"}],"curies":[{"name":"wp","href":"https:\/\/api.w.org\/{rel}","templated":true}]}}