{"id":3596,"date":"2024-08-12T10:01:16","date_gmt":"2024-08-12T08:01:16","guid":{"rendered":"https:\/\/trinitixshop.de\/?post_type=product&#038;p=3596"},"modified":"2024-08-12T10:02:33","modified_gmt":"2024-08-12T08:02:33","slug":"flex-power-bracelet-acier-inoxydable-cuivre-noir-argent","status":"publish","type":"product","link":"https:\/\/trinitixshop.de\/fr\/produkt\/flex-power-armband-edelstahl-kupfer-schwarz-silber\/","title":{"rendered":"Bracelet Flex Power acier inoxydable cuivre noir - argent"},"content":{"rendered":"<p>SB056602T<\/p>","protected":false},"excerpt":{"rendered":"<div class=\"width-80\">\n<p>Bracelet magn\u00e9tique \u00e9nerg\u00e9tique flexible, noir \/ argent. Avec placage ionique.<\/p>\n<p>Largeur d'environ 8 mm, \u00e9paisseur d'environ 4 mm.<br \/>\nIncrustations d'aimants n\u00e9odyme d'environ 2.200 gauss.<\/p>\n<p>Acier inoxydable, exempt de cadmium, de nickel et de plomb. Sans allergie.<\/p>\n<\/div>\n<div class=\"width-80\"><\/div>\n<div class=\"width-80\">Beaut\u00e9<br \/>\net une nouvelle l\u00e9g\u00e8ret\u00e9. Nos bracelets \u00e9nerg\u00e9tiques comptent parmi les pi\u00e8ces les plus appr\u00e9ci\u00e9es de la collection, ann\u00e9e apr\u00e8s ann\u00e9e. Essayez vous-m\u00eame \u00e0 quel point ces bijoux sont beaux, robustes et adaptables.<\/p>\n<\/div>\n<div class=\"width-80\">Vous ne voudrez certainement plus vous en s\u00e9parer. Sentez la force des aimants. Avec incrustations de cuivre<\/p>\n<\/div>\n<p>Taille S\/M = 16,5 cm + 2 \u00e9l\u00e9ments de fermeture suppl\u00e9mentaires pour la rallonge. Environ 1,5 cm chacun<br \/>\nTaille L\/XL = 19 cm + 2 \u00e9l\u00e9ments de fermeture suppl\u00e9mentaires pour la rallonge. Environ 1,5 cm chacun<\/p>","protected":false},"featured_media":3599,"comment_status":"open","ping_status":"closed","template":"","meta":[],"product_brand":[],"product_cat":[17,19],"product_tag":[24],"class_list":{"0":"post-3596","1":"product","2":"type-product","3":"status-publish","4":"has-post-thumbnail","6":"product_cat-alle-produkte","7":"product_cat-armbander","8":"product_tag-jungbrunn","9":"thunk-woo-product-list","10":"opn-qv-enable","11":"top-store-woo-hover-zoom","12":"top-store-single-product-tab-horizontal","13":"top-store-shadow-","14":"top-store-shadow-hover-","16":"first","17":"instock","18":"sale","19":"taxable","20":"shipping-taxable","21":"purchasable","22":"product-type-variable"},"_links":{"self":[{"href":"https:\/\/trinitixshop.de\/fr\/wp-json\/wp\/v2\/product\/3596","targetHints":{"allow":["GET"]}}],"collection":[{"href":"https:\/\/trinitixshop.de\/fr\/wp-json\/wp\/v2\/product"}],"about":[{"href":"https:\/\/trinitixshop.de\/fr\/wp-json\/wp\/v2\/types\/product"}],"replies":[{"embeddable":true,"href":"https:\/\/trinitixshop.de\/fr\/wp-json\/wp\/v2\/comments?post=3596"}],"wp:featuredmedia":[{"embeddable":true,"href":"https:\/\/trinitixshop.de\/fr\/wp-json\/wp\/v2\/media\/3599"}],"wp:attachment":[{"href":"https:\/\/trinitixshop.de\/fr\/wp-json\/wp\/v2\/media?parent=3596"}],"wp:term":[{"taxonomy":"product_brand","embeddable":true,"href":"https:\/\/trinitixshop.de\/fr\/wp-json\/wp\/v2\/product_brand?post=3596"},{"taxonomy":"product_cat","embeddable":true,"href":"https:\/\/trinitixshop.de\/fr\/wp-json\/wp\/v2\/product_cat?post=3596"},{"taxonomy":"product_tag","embeddable":true,"href":"https:\/\/trinitixshop.de\/fr\/wp-json\/wp\/v2\/product_tag?post=3596"}],"curies":[{"name":"wp","href":"https:\/\/api.w.org\/{rel}","templated":true}]}}