{"id":3601,"date":"2024-08-12T10:24:23","date_gmt":"2024-08-12T08:24:23","guid":{"rendered":"https:\/\/trinitixshop.de\/?post_type=product&#038;p=3601"},"modified":"2024-08-12T10:24:23","modified_gmt":"2024-08-12T08:24:23","slug":"bracelet-flex-serpenti-avec-cristaux-blancs-swarovski","status":"publish","type":"product","link":"https:\/\/trinitixshop.de\/fr\/produkt\/flex-armband-serpenti-mit-weissen-swarovski-crystals\/","title":{"rendered":"Bracelet Flex SERPENTI avec des cristaux blancs Swarovski"},"content":{"rendered":"<p>SB056000T<\/p>","protected":false},"excerpt":{"rendered":"<div class=\"width-80\"><strong>SENSATION DE PRIX<\/strong><\/p>\n<p>Le bracelet magn\u00e9tique bicolore flexible - design italien - avec 5 grands Swarovski \" White Solitaire Crystals \" incorpor\u00e9s conf\u00e8re une \u00e9l\u00e9gance simple \u00e0 chaque tenue.<\/p>\n<p>Donnez de l'\u00e9clat \u00e0 vos tenues !<\/p>\n<p>Le bracelet magn\u00e9tique avec des cristaux Swarovski \u00e9tincelants s'adapte \u00e0 tous les poignets.<\/p>\n<p>Incrustations d'aimants n\u00e9odyme d'environ 2.200 gauss.<\/p>\n<p>Acier inoxydable, exempt de cadmium, de nickel et de plomb. Sans allergie.<br \/>\nLargeur : environ 7,7 mm.<\/p>\n<p>Taille : M\/L (17,5 \u00e0 19,2 cm). 1 pi\u00e8ce de fermeture suppl\u00e9mentaire (clasp) pour la longueur individuelle.<\/p><\/div>\n<div class=\"width-80\">\nFlexible et en plus avec fermeture.<\/div>","protected":false},"featured_media":3602,"comment_status":"open","ping_status":"closed","template":"","meta":[],"product_brand":[],"product_cat":[17,19],"product_tag":[25],"class_list":{"0":"post-3601","1":"product","2":"type-product","3":"status-publish","4":"has-post-thumbnail","6":"product_cat-alle-produkte","7":"product_cat-armbander","8":"product_tag-t-prime","9":"thunk-woo-product-list","10":"opn-qv-enable","11":"top-store-woo-hover-zoom","12":"top-store-single-product-tab-horizontal","13":"top-store-shadow-","14":"top-store-shadow-hover-","16":"first","17":"instock","18":"sale","19":"taxable","20":"shipping-taxable","21":"purchasable","22":"product-type-simple"},"_links":{"self":[{"href":"https:\/\/trinitixshop.de\/fr\/wp-json\/wp\/v2\/product\/3601","targetHints":{"allow":["GET"]}}],"collection":[{"href":"https:\/\/trinitixshop.de\/fr\/wp-json\/wp\/v2\/product"}],"about":[{"href":"https:\/\/trinitixshop.de\/fr\/wp-json\/wp\/v2\/types\/product"}],"replies":[{"embeddable":true,"href":"https:\/\/trinitixshop.de\/fr\/wp-json\/wp\/v2\/comments?post=3601"}],"wp:featuredmedia":[{"embeddable":true,"href":"https:\/\/trinitixshop.de\/fr\/wp-json\/wp\/v2\/media\/3602"}],"wp:attachment":[{"href":"https:\/\/trinitixshop.de\/fr\/wp-json\/wp\/v2\/media?parent=3601"}],"wp:term":[{"taxonomy":"product_brand","embeddable":true,"href":"https:\/\/trinitixshop.de\/fr\/wp-json\/wp\/v2\/product_brand?post=3601"},{"taxonomy":"product_cat","embeddable":true,"href":"https:\/\/trinitixshop.de\/fr\/wp-json\/wp\/v2\/product_cat?post=3601"},{"taxonomy":"product_tag","embeddable":true,"href":"https:\/\/trinitixshop.de\/fr\/wp-json\/wp\/v2\/product_tag?post=3601"}],"curies":[{"name":"wp","href":"https:\/\/api.w.org\/{rel}","templated":true}]}}