{"id":3604,"date":"2024-08-12T10:42:00","date_gmt":"2024-08-12T08:42:00","guid":{"rendered":"https:\/\/trinitixshop.de\/?post_type=product&#038;p=3604"},"modified":"2024-08-12T10:42:00","modified_gmt":"2024-08-12T08:42:00","slug":"bracelet-exclusif-flex-cu-or-rose-argent-m-xl","status":"publish","type":"product","link":"https:\/\/trinitixshop.de\/fr\/produkt\/exklusives-flex-armband-cu-rosegold-silber-m-xl\/","title":{"rendered":"Bracelet Flex Cu exclusif or rose \/ argent M-XL"},"content":{"rendered":"<p>SB178138T<\/p>","protected":false},"excerpt":{"rendered":"<p><strong>SENSATION DE PRIX<\/strong><\/p>\n<p>Bracelet magn\u00e9tique Flex avec cuivre. Bicolore : or rose \/ argent. Finition polie. Placage ionique de haute qualit\u00e9.<\/p>\n<p>Avec incrustations de cuivre :<br \/>\nEffet du cuivre (CU) :<br \/>\nFavorise la formation d'anticorps dans le syst\u00e8me de d\u00e9fense, la croissance, le d\u00e9veloppement, le renforcement des os.<\/p>\n<p>Acier inoxydable, sans nickel et hypoallerg\u00e9nique, incrustations d'aimants n\u00e9odyme d'environ 1.200 gauss, largeur : env. 8 mm, partie centrale polie, gravable.<\/p>\n<p>La longueur du bracelet peut \u00eatre l\u00e9g\u00e8rement modifi\u00e9e gr\u00e2ce \u00e0 divers fermoirs \/ pi\u00e8ces interm\u00e9diaires.<\/p>\n<p>Taille livr\u00e9e : M-XL (env. 18 \u00e0 19,5 cm). \u00c9l\u00e9ments d'extension disponibles en option.<\/p>\n<p>Les bracelets flexibles sont synonymes de mobilit\u00e9 et de joie de vivre. Depuis des ann\u00e9es, nos bijoux flexibles comptent parmi les pi\u00e8ces les plus appr\u00e9ci\u00e9es de la collection.<\/p>\n<p>Essayez vous-m\u00eame \u00e0 quel point ces bijoux sont beaux, robustes et adaptables.<\/p>","protected":false},"featured_media":3605,"comment_status":"open","ping_status":"closed","template":"","meta":[],"product_brand":[],"product_cat":[17,19],"product_tag":[25],"class_list":{"0":"post-3604","1":"product","2":"type-product","3":"status-publish","4":"has-post-thumbnail","6":"product_cat-alle-produkte","7":"product_cat-armbander","8":"product_tag-t-prime","9":"thunk-woo-product-list","10":"opn-qv-enable","11":"top-store-woo-hover-zoom","12":"top-store-single-product-tab-horizontal","13":"top-store-shadow-","14":"top-store-shadow-hover-","16":"first","17":"instock","18":"sale","19":"taxable","20":"shipping-taxable","21":"purchasable","22":"product-type-simple"},"_links":{"self":[{"href":"https:\/\/trinitixshop.de\/fr\/wp-json\/wp\/v2\/product\/3604","targetHints":{"allow":["GET"]}}],"collection":[{"href":"https:\/\/trinitixshop.de\/fr\/wp-json\/wp\/v2\/product"}],"about":[{"href":"https:\/\/trinitixshop.de\/fr\/wp-json\/wp\/v2\/types\/product"}],"replies":[{"embeddable":true,"href":"https:\/\/trinitixshop.de\/fr\/wp-json\/wp\/v2\/comments?post=3604"}],"wp:featuredmedia":[{"embeddable":true,"href":"https:\/\/trinitixshop.de\/fr\/wp-json\/wp\/v2\/media\/3605"}],"wp:attachment":[{"href":"https:\/\/trinitixshop.de\/fr\/wp-json\/wp\/v2\/media?parent=3604"}],"wp:term":[{"taxonomy":"product_brand","embeddable":true,"href":"https:\/\/trinitixshop.de\/fr\/wp-json\/wp\/v2\/product_brand?post=3604"},{"taxonomy":"product_cat","embeddable":true,"href":"https:\/\/trinitixshop.de\/fr\/wp-json\/wp\/v2\/product_cat?post=3604"},{"taxonomy":"product_tag","embeddable":true,"href":"https:\/\/trinitixshop.de\/fr\/wp-json\/wp\/v2\/product_tag?post=3604"}],"curies":[{"name":"wp","href":"https:\/\/api.w.org\/{rel}","templated":true}]}}