{"id":3614,"date":"2024-08-12T11:20:33","date_gmt":"2024-08-12T09:20:33","guid":{"rendered":"https:\/\/trinitixshop.de\/?post_type=product&#038;p=3614"},"modified":"2024-08-12T11:20:33","modified_gmt":"2024-08-12T09:20:33","slug":"tennis-armband-flamingo-pink-mit-swarovski-crystals-xs-xxl","status":"publish","type":"product","link":"https:\/\/trinitixshop.de\/fr\/produkt\/tennis-armband-flamingo-pink-mit-swarovski-crystals-xs-xxl\/","title":{"rendered":"Bracelet de tennis Flamingo rose avec Swarovski Crystals XS - XXL"},"content":{"rendered":"<p>SB046500T<\/p>","protected":false},"excerpt":{"rendered":"<div class=\"width-80\">El\u00e9gant bracelet magn\u00e9tique en acier inoxydable \" Flamingo \" avec de nombreux \u00e9l\u00e9ments en cristal Swarovski originaux roses \/ roses. \"Best Shining Stones\" (meilleures pierres brillantes). Bracelet classique de style tennis<\/p>\n<p>Incrustations d'aimants n\u00e9odyme d'environ 2.200 gauss. Largeur env. 6 mm.<\/p>\n<p>Acier inoxydable, exempt de cadmium, de nickel et de plomb. Sans allergie.<\/p>\n<p>Les grands \u00e9l\u00e9ments chatoyants respirent la clart\u00e9 et l'\u00e9l\u00e9gance pure.<\/p><\/div>\n<div class=\"width-80\">\nPerfectionnez votre tenue et faites une entr\u00e9e glamour gr\u00e2ce au rayonnement fascinant de ces \u00e9l\u00e9ments Crystal \u00e9tincelants ! Bracelet classique de style tennis.<\/p>\n<p>Tailles disponibles :<\/p><\/div>\n<div class=\"width-80\">XS (13-14 cm), S (14-15 cm), M (15-16 cm) , L (16-18 cm), XL (18-20 cm) ou XXL (20-22 cm).<\/div>\n<div class=\"width-80\"><\/div>\n<div class=\"width-80\">Veuillez nous indiquer la taille de livraison souhait\u00e9e !<\/div>","protected":false},"featured_media":3621,"comment_status":"open","ping_status":"closed","template":"","meta":[],"product_brand":[],"product_cat":[17,19],"product_tag":[28],"class_list":{"0":"post-3614","1":"product","2":"type-product","3":"status-publish","4":"has-post-thumbnail","6":"product_cat-alle-produkte","7":"product_cat-armbander","8":"product_tag-kurfuerst","9":"thunk-woo-product-list","10":"opn-qv-enable","11":"top-store-woo-hover-zoom","12":"top-store-single-product-tab-horizontal","13":"top-store-shadow-","14":"top-store-shadow-hover-","16":"first","17":"instock","18":"sale","19":"taxable","20":"shipping-taxable","21":"purchasable","22":"product-type-variable"},"_links":{"self":[{"href":"https:\/\/trinitixshop.de\/fr\/wp-json\/wp\/v2\/product\/3614","targetHints":{"allow":["GET"]}}],"collection":[{"href":"https:\/\/trinitixshop.de\/fr\/wp-json\/wp\/v2\/product"}],"about":[{"href":"https:\/\/trinitixshop.de\/fr\/wp-json\/wp\/v2\/types\/product"}],"replies":[{"embeddable":true,"href":"https:\/\/trinitixshop.de\/fr\/wp-json\/wp\/v2\/comments?post=3614"}],"wp:featuredmedia":[{"embeddable":true,"href":"https:\/\/trinitixshop.de\/fr\/wp-json\/wp\/v2\/media\/3621"}],"wp:attachment":[{"href":"https:\/\/trinitixshop.de\/fr\/wp-json\/wp\/v2\/media?parent=3614"}],"wp:term":[{"taxonomy":"product_brand","embeddable":true,"href":"https:\/\/trinitixshop.de\/fr\/wp-json\/wp\/v2\/product_brand?post=3614"},{"taxonomy":"product_cat","embeddable":true,"href":"https:\/\/trinitixshop.de\/fr\/wp-json\/wp\/v2\/product_cat?post=3614"},{"taxonomy":"product_tag","embeddable":true,"href":"https:\/\/trinitixshop.de\/fr\/wp-json\/wp\/v2\/product_tag?post=3614"}],"curies":[{"name":"wp","href":"https:\/\/api.w.org\/{rel}","templated":true}]}}