{"id":3630,"date":"2024-08-12T11:55:12","date_gmt":"2024-08-12T09:55:12","guid":{"rendered":"https:\/\/trinitixshop.de\/?post_type=product&#038;p=3630"},"modified":"2024-08-12T11:55:12","modified_gmt":"2024-08-12T09:55:12","slug":"unique-by-kokodash-wings-collection-bracelet","status":"publish","type":"product","link":"https:\/\/trinitixshop.de\/fr\/produkt\/unique-by-kokodash-wings-collection-armband\/","title":{"rendered":"UNIQUE by KokoDash Bracelet Wings Collection"},"content":{"rendered":"<p>SB905200T<\/p>","protected":false},"excerpt":{"rendered":"<p>KokoDash (designer vedette de Serbie) vous pr\u00e9sente cette magnifique,<br \/>\ncollection unique de designers exclusifs avec un design artistique en forme d'ailes.<br \/>\nCe d\u00e9licat bracelet magn\u00e9tique a \u00e9t\u00e9 con\u00e7u avec un grand souci du d\u00e9tail.<\/p>\n<p>Cet accessoire glamour est fabriqu\u00e9 en acier inoxydable chirurgical, sans nickel ni allerg\u00e8ne.<\/p>\n<p>C'est l'expression de l'espoir et de la joie de vivre.<br \/>\nSa taille peut \u00eatre ajust\u00e9e individuellement gr\u00e2ce \u00e0 la fermeture \u00e0 glissi\u00e8re particuli\u00e8re et pratique,<br \/>\nde sorte qu'il s'adapte m\u00eame aux poignets les plus fins.<\/p>\n<p>En tant que compagnon de route, le talisman doit offrir une nouvelle force \u00e9nerg\u00e9tique et aider \u00e0 relever les d\u00e9fis.<br \/>\nde la vie, un nouveau courage. Cette cr\u00e9ation de bijoux finement travaill\u00e9e et pleine de sens<br \/>\nvous donne des ailes chaque jour. Un accroche-regard discret avec un aspect brillant. Ailes ou<\/p>\n<p>Les ailes d'ange sont des symboles de protection, de libert\u00e9 et d\u00e9gagent une l\u00e9g\u00e8ret\u00e9 juv\u00e9nile.<br \/>\nLorsque nous voyons des ailes, nous pensons d'abord \u00e0 voler, mais lorsque nous laissons libre cours \u00e0 notre imagination, nous nous rendons compte qu'il s'agit d'un r\u00eave.<br \/>\nle symbole de l'aile est notre salut.<br \/>\nNous r\u00e9alisons qu'il est possible de fuir et de s'\u00e9chapper des choses qui nous lient ou qui peuvent lib\u00e9rer notre \u00e2me.<\/p>\n<p>Amulette en acier inoxydable d'environ 65 x 27 mm, rayon d'environ 36.<\/p>\n<p>2 inserts magn\u00e9tiques en n\u00e9odyme d'environ 2.200 gauss<br \/>\nTaille universelle XS-XL<\/p>","protected":false},"featured_media":3631,"comment_status":"open","ping_status":"closed","template":"","meta":[],"product_brand":[],"product_cat":[17,19],"product_tag":[25],"class_list":{"0":"post-3630","1":"product","2":"type-product","3":"status-publish","4":"has-post-thumbnail","6":"product_cat-alle-produkte","7":"product_cat-armbander","8":"product_tag-t-prime","9":"thunk-woo-product-list","10":"opn-qv-enable","11":"top-store-woo-hover-zoom","12":"top-store-single-product-tab-horizontal","13":"top-store-shadow-","14":"top-store-shadow-hover-","16":"first","17":"instock","18":"taxable","19":"shipping-taxable","20":"purchasable","21":"product-type-simple"},"_links":{"self":[{"href":"https:\/\/trinitixshop.de\/fr\/wp-json\/wp\/v2\/product\/3630","targetHints":{"allow":["GET"]}}],"collection":[{"href":"https:\/\/trinitixshop.de\/fr\/wp-json\/wp\/v2\/product"}],"about":[{"href":"https:\/\/trinitixshop.de\/fr\/wp-json\/wp\/v2\/types\/product"}],"replies":[{"embeddable":true,"href":"https:\/\/trinitixshop.de\/fr\/wp-json\/wp\/v2\/comments?post=3630"}],"wp:featuredmedia":[{"embeddable":true,"href":"https:\/\/trinitixshop.de\/fr\/wp-json\/wp\/v2\/media\/3631"}],"wp:attachment":[{"href":"https:\/\/trinitixshop.de\/fr\/wp-json\/wp\/v2\/media?parent=3630"}],"wp:term":[{"taxonomy":"product_brand","embeddable":true,"href":"https:\/\/trinitixshop.de\/fr\/wp-json\/wp\/v2\/product_brand?post=3630"},{"taxonomy":"product_cat","embeddable":true,"href":"https:\/\/trinitixshop.de\/fr\/wp-json\/wp\/v2\/product_cat?post=3630"},{"taxonomy":"product_tag","embeddable":true,"href":"https:\/\/trinitixshop.de\/fr\/wp-json\/wp\/v2\/product_tag?post=3630"}],"curies":[{"name":"wp","href":"https:\/\/api.w.org\/{rel}","templated":true}]}}