{"id":3632,"date":"2024-08-12T12:06:49","date_gmt":"2024-08-12T10:06:49","guid":{"rendered":"https:\/\/trinitixshop.de\/?post_type=product&#038;p=3632"},"modified":"2025-01-01T14:53:27","modified_gmt":"2025-01-01T13:53:27","slug":"premium-energie-bracelet-argent-avec-swarovski-crystals-blanc","status":"publish","type":"product","link":"https:\/\/trinitixshop.de\/fr\/produkt\/premium-energie-armband-silber-mit-swarovski-crystals-weiss\/","title":{"rendered":"Premium \u00e9nergie bracelet argent avec Swarovski Crystals blanc # 453"},"content":{"rendered":"<p>SB045300T<\/p>","protected":false},"excerpt":{"rendered":"<div class=\"width-80\">Bracelet magn\u00e9tique Premium Crystal Energy avec des cristaux clairs et \u00e9tincelants Solitaire Swarovski White<\/div>\n<div class=\"width-80\">El\u00e9gant bracelet magn\u00e9tique - clair comme du cristal - avec de grands Swarovski Crystal Elements originaux - \u00f8 5,5 mm \"Best Shining Stones\". Aimants n\u00e9odyme d'environ 2.200 gauss. Largeur d'environ 8 mm. Acier inoxydable, sans nickel et hypoallerg\u00e9nique.<\/p>\n<p>Bracelet en acier inoxydable avec des cristaux Swarovski originaux int\u00e9gr\u00e9s \u00e0 la main.  Simple et \u00e9l\u00e9gant \u00e0 la fois.<\/p>\n<\/div>\n<div class=\"width-80\">Les grands \u00e9l\u00e9ments Swarovski scintillants rayonnent de clart\u00e9 et d'\u00e9l\u00e9gance pure. Perfectionnez votre tenue et faites une entr\u00e9e glamour gr\u00e2ce au rayonnement fascinant de ces \u00e9l\u00e9ments Swarovski Crystal \u00e9tincelants !<\/p>\n<p>Tailles disponibles :<br \/>\nXS-XXL Taille XS (13-14 cm), S (14-15 cm), M (15-16 cm) , L (16-18 cm), XL (18-20 cm) ou XXL (20-22 cm).<\/p>\n<\/div>\n<div class=\"width-80\"><\/div>\n<div class=\"width-80\">Veuillez nous indiquer la taille de livraison souhait\u00e9e !<\/div>","protected":false},"featured_media":3639,"comment_status":"open","ping_status":"closed","template":"","meta":[],"product_brand":[],"product_cat":[17,19],"product_tag":[28],"class_list":{"0":"post-3632","1":"product","2":"type-product","3":"status-publish","4":"has-post-thumbnail","6":"product_cat-alle-produkte","7":"product_cat-armbander","8":"product_tag-kurfuerst","9":"thunk-woo-product-list","10":"opn-qv-enable","11":"top-store-woo-hover-zoom","12":"top-store-single-product-tab-horizontal","13":"top-store-shadow-","14":"top-store-shadow-hover-","16":"first","17":"instock","18":"sale","19":"taxable","20":"shipping-taxable","21":"purchasable","22":"product-type-variable"},"_links":{"self":[{"href":"https:\/\/trinitixshop.de\/fr\/wp-json\/wp\/v2\/product\/3632","targetHints":{"allow":["GET"]}}],"collection":[{"href":"https:\/\/trinitixshop.de\/fr\/wp-json\/wp\/v2\/product"}],"about":[{"href":"https:\/\/trinitixshop.de\/fr\/wp-json\/wp\/v2\/types\/product"}],"replies":[{"embeddable":true,"href":"https:\/\/trinitixshop.de\/fr\/wp-json\/wp\/v2\/comments?post=3632"}],"wp:featuredmedia":[{"embeddable":true,"href":"https:\/\/trinitixshop.de\/fr\/wp-json\/wp\/v2\/media\/3639"}],"wp:attachment":[{"href":"https:\/\/trinitixshop.de\/fr\/wp-json\/wp\/v2\/media?parent=3632"}],"wp:term":[{"taxonomy":"product_brand","embeddable":true,"href":"https:\/\/trinitixshop.de\/fr\/wp-json\/wp\/v2\/product_brand?post=3632"},{"taxonomy":"product_cat","embeddable":true,"href":"https:\/\/trinitixshop.de\/fr\/wp-json\/wp\/v2\/product_cat?post=3632"},{"taxonomy":"product_tag","embeddable":true,"href":"https:\/\/trinitixshop.de\/fr\/wp-json\/wp\/v2\/product_tag?post=3632"}],"curies":[{"name":"wp","href":"https:\/\/api.w.org\/{rel}","templated":true}]}}