{"id":3643,"date":"2024-08-12T12:37:23","date_gmt":"2024-08-12T10:37:23","guid":{"rendered":"https:\/\/trinitixshop.de\/?post_type=product&#038;p=3643"},"modified":"2024-08-12T12:37:23","modified_gmt":"2024-08-12T10:37:23","slug":"flex-acier-inoxydable-cuivre-bracelet-cube-or-argent-m-xl","status":"publish","type":"product","link":"https:\/\/trinitixshop.de\/fr\/produkt\/flex-edelstahl-kupfer-armband-cube-cu-gold-silber-m-xl\/","title":{"rendered":"Flex bracelet en acier inoxydable cuivre Cube CU or \/ argent M - XL"},"content":{"rendered":"<p>SB044000T<\/p>","protected":false},"excerpt":{"rendered":"<p>Bracelet magn\u00e9tique Flex avec partie en cuivre, or \/ argent.<\/p>\n<p>Effet du cuivre (CU) :<br \/>\nFavorise la formation d'anticorps dans le syst\u00e8me de d\u00e9fense, la croissance, le d\u00e9veloppement, le renforcement des os.<\/p>\n<p>Acier inoxydable de haute qualit\u00e9, sans nickel ni allergie, aimants n\u00e9odyme int\u00e9gr\u00e9s d'une puissance totale d'environ 1.200 gauss, largeur : env. 7 mm, \u00e9paisseur env. 3,6 mm.<\/p>\n<p>La longueur du bracelet peut \u00eatre l\u00e9g\u00e8rement modifi\u00e9e gr\u00e2ce \u00e0 un fermoir \/ une pi\u00e8ce interm\u00e9diaire suppl\u00e9mentaire. Taille : M \/ L \/ XL (environ 17.5 - 21,5 cm)<\/p>","protected":false},"featured_media":3644,"comment_status":"open","ping_status":"closed","template":"","meta":[],"product_brand":[],"product_cat":[17,19],"product_tag":[25],"class_list":{"0":"post-3643","1":"product","2":"type-product","3":"status-publish","4":"has-post-thumbnail","6":"product_cat-alle-produkte","7":"product_cat-armbander","8":"product_tag-t-prime","9":"thunk-woo-product-list","10":"opn-qv-enable","11":"top-store-woo-hover-zoom","12":"top-store-single-product-tab-horizontal","13":"top-store-shadow-","14":"top-store-shadow-hover-","16":"first","17":"instock","18":"sale","19":"taxable","20":"shipping-taxable","21":"purchasable","22":"product-type-simple"},"_links":{"self":[{"href":"https:\/\/trinitixshop.de\/fr\/wp-json\/wp\/v2\/product\/3643","targetHints":{"allow":["GET"]}}],"collection":[{"href":"https:\/\/trinitixshop.de\/fr\/wp-json\/wp\/v2\/product"}],"about":[{"href":"https:\/\/trinitixshop.de\/fr\/wp-json\/wp\/v2\/types\/product"}],"replies":[{"embeddable":true,"href":"https:\/\/trinitixshop.de\/fr\/wp-json\/wp\/v2\/comments?post=3643"}],"wp:featuredmedia":[{"embeddable":true,"href":"https:\/\/trinitixshop.de\/fr\/wp-json\/wp\/v2\/media\/3644"}],"wp:attachment":[{"href":"https:\/\/trinitixshop.de\/fr\/wp-json\/wp\/v2\/media?parent=3643"}],"wp:term":[{"taxonomy":"product_brand","embeddable":true,"href":"https:\/\/trinitixshop.de\/fr\/wp-json\/wp\/v2\/product_brand?post=3643"},{"taxonomy":"product_cat","embeddable":true,"href":"https:\/\/trinitixshop.de\/fr\/wp-json\/wp\/v2\/product_cat?post=3643"},{"taxonomy":"product_tag","embeddable":true,"href":"https:\/\/trinitixshop.de\/fr\/wp-json\/wp\/v2\/product_tag?post=3643"}],"curies":[{"name":"wp","href":"https:\/\/api.w.org\/{rel}","templated":true}]}}