{"id":3654,"date":"2024-08-12T15:01:45","date_gmt":"2024-08-12T13:01:45","guid":{"rendered":"https:\/\/trinitixshop.de\/?post_type=product&#038;p=3654"},"modified":"2024-08-12T15:01:45","modified_gmt":"2024-08-12T13:01:45","slug":"classique-elegant-tennis-bracelet-magnetique-coeurs-coracao-bicolor-xs-xxl","status":"publish","type":"product","link":"https:\/\/trinitixshop.de\/fr\/produkt\/klassisch-elegantes-tennis-magnetarmband-herzen-coracao-bicolor-xs-xxl\/","title":{"rendered":"Classique et \u00e9l\u00e9gant bracelet magn\u00e9tique de tennis coeurs - Coracao bicolor XS - XXL"},"content":{"rendered":"<p>SB800930T<\/p>","protected":false},"excerpt":{"rendered":"<div class=\"width-80\">Bracelet magn\u00e9tique de tennis classique et \u00e9l\u00e9gant \"Coeurs \/ Coracao\". Bicolore.<\/div>\n<div class=\"width-80\">\nLargeur d'environ 7 mm. Aimant n\u00e9odyme incrust\u00e9 d'environ 2.200 gauss.<\/p>\n<p>Acier inoxydable, exempt de cadmium, de nickel et de plomb. Sans allergie.<\/p>\n<p>La beaut\u00e9 et une nouvelle l\u00e9g\u00e8ret\u00e9. Ann\u00e9e apr\u00e8s ann\u00e9e, nos bracelets \u00e9nerg\u00e9tiques comptent parmi les pi\u00e8ces les plus appr\u00e9ci\u00e9es de la collection.<\/p>\n<p>Essayez vous-m\u00eame \u00e0 quel point ces bijoux sont beaux, robustes et adaptables.<\/p><\/div>\n<div class=\"width-80\">\nVous ne voudrez bient\u00f4t plus vous en s\u00e9parer.<\/p>\n<p>Ressentez la puissance des aimants.<\/p>\n<p>Tailles disponibles :  Taille XS (13-14 cm), S (14-15 cm), M (15-16 cm) , L (16-18 cm), XL (18-20 cm) ou XXL (20-22 cm).<\/p><\/div>\n<div class=\"width-80\"><\/div>\n<div class=\"width-80\">Veuillez nous indiquer la taille de livraison souhait\u00e9e !<\/div>","protected":false},"featured_media":3661,"comment_status":"open","ping_status":"closed","template":"","meta":[],"product_brand":[],"product_cat":[17,19],"product_tag":[25],"class_list":{"0":"post-3654","1":"product","2":"type-product","3":"status-publish","4":"has-post-thumbnail","6":"product_cat-alle-produkte","7":"product_cat-armbander","8":"product_tag-t-prime","9":"thunk-woo-product-list","10":"opn-qv-enable","11":"top-store-woo-hover-zoom","12":"top-store-single-product-tab-horizontal","13":"top-store-shadow-","14":"top-store-shadow-hover-","16":"first","17":"instock","18":"sale","19":"taxable","20":"shipping-taxable","21":"purchasable","22":"product-type-variable"},"_links":{"self":[{"href":"https:\/\/trinitixshop.de\/fr\/wp-json\/wp\/v2\/product\/3654","targetHints":{"allow":["GET"]}}],"collection":[{"href":"https:\/\/trinitixshop.de\/fr\/wp-json\/wp\/v2\/product"}],"about":[{"href":"https:\/\/trinitixshop.de\/fr\/wp-json\/wp\/v2\/types\/product"}],"replies":[{"embeddable":true,"href":"https:\/\/trinitixshop.de\/fr\/wp-json\/wp\/v2\/comments?post=3654"}],"wp:featuredmedia":[{"embeddable":true,"href":"https:\/\/trinitixshop.de\/fr\/wp-json\/wp\/v2\/media\/3661"}],"wp:attachment":[{"href":"https:\/\/trinitixshop.de\/fr\/wp-json\/wp\/v2\/media?parent=3654"}],"wp:term":[{"taxonomy":"product_brand","embeddable":true,"href":"https:\/\/trinitixshop.de\/fr\/wp-json\/wp\/v2\/product_brand?post=3654"},{"taxonomy":"product_cat","embeddable":true,"href":"https:\/\/trinitixshop.de\/fr\/wp-json\/wp\/v2\/product_cat?post=3654"},{"taxonomy":"product_tag","embeddable":true,"href":"https:\/\/trinitixshop.de\/fr\/wp-json\/wp\/v2\/product_tag?post=3654"}],"curies":[{"name":"wp","href":"https:\/\/api.w.org\/{rel}","templated":true}]}}