{"id":3662,"date":"2024-08-12T15:09:57","date_gmt":"2024-08-12T13:09:57","guid":{"rendered":"https:\/\/trinitixshop.de\/?post_type=product&#038;p=3662"},"modified":"2024-10-07T09:29:05","modified_gmt":"2024-10-07T07:29:05","slug":"cherie-acier-inoxydable-coeur-energie-bracelet-argent-xs-a-xxl","status":"publish","type":"product","link":"https:\/\/trinitixshop.de\/fr\/produkt\/cherie-edelstahl-herz-energie-armband-silber-xs-bis-xxl\/","title":{"rendered":"Ch\u00e9rie en acier inoxydable coeur \u00e9nergie bracelet argent XS \u00e0 XXL # 2121"},"content":{"rendered":"<p>SB212100T<\/p>","protected":false},"excerpt":{"rendered":"<div class=\"width-80\">\n<p>Lovely acier inoxydable en forme de c\u0153ur \u00e9nergie bracelet magn\u00e9tique \" Ch\u00e9rie \", uni \/ argent. Largeur env. 9 mm, \u00e9paisseur env. 3,15 mm.<\/p>\n<p>La beaut\u00e9 et une nouvelle l\u00e9g\u00e8ret\u00e9. Ann\u00e9e apr\u00e8s ann\u00e9e, nos bracelets \u00e9nerg\u00e9tiques comptent parmi les pi\u00e8ces les plus populaires de la<br \/>\ncollection. Essayez vous-m\u00eame \u00e0 quel point ces bijoux sont beaux, robustes et adaptables.<br \/>\nVous ne voudrez bient\u00f4t plus vous en s\u00e9parer.<br \/>\nRessentez la puissance des aimants. Beaucoup de nos clients jouissent d'une force, d'une vitalit\u00e9 et d'une flexibilit\u00e9 accrues et d'une absence de douleurs.<\/p>\n<p>Acier inoxydable de haute qualit\u00e9, poli, hypoallerg\u00e9nique, sans nickel et sans allergie.<\/p>\n<p>Incrustations d'aimants n\u00e9odyme d'environ 2.200 gauss.<\/p>\n<p>Tailles disponibles : XS (13-14 cm), S (14-15 cm), M (15-16 cm) , L (16-18 cm), XL (18-20 cm) ou XXL (20-22 cm).<\/p>\n<\/div>\n<div class=\"width-80\"><\/div>\n<div class=\"width-80\">Veuillez nous indiquer la taille de livraison souhait\u00e9e !<\/div>","protected":false},"featured_media":3669,"comment_status":"open","ping_status":"closed","template":"","meta":[],"product_brand":[],"product_cat":[17,19],"product_tag":[25],"class_list":{"0":"post-3662","1":"product","2":"type-product","3":"status-publish","4":"has-post-thumbnail","6":"product_cat-alle-produkte","7":"product_cat-armbander","8":"product_tag-t-prime","9":"thunk-woo-product-list","10":"opn-qv-enable","11":"top-store-woo-hover-zoom","12":"top-store-single-product-tab-horizontal","13":"top-store-shadow-","14":"top-store-shadow-hover-","16":"first","17":"instock","18":"sale","19":"taxable","20":"shipping-taxable","21":"purchasable","22":"product-type-variable"},"_links":{"self":[{"href":"https:\/\/trinitixshop.de\/fr\/wp-json\/wp\/v2\/product\/3662","targetHints":{"allow":["GET"]}}],"collection":[{"href":"https:\/\/trinitixshop.de\/fr\/wp-json\/wp\/v2\/product"}],"about":[{"href":"https:\/\/trinitixshop.de\/fr\/wp-json\/wp\/v2\/types\/product"}],"replies":[{"embeddable":true,"href":"https:\/\/trinitixshop.de\/fr\/wp-json\/wp\/v2\/comments?post=3662"}],"wp:featuredmedia":[{"embeddable":true,"href":"https:\/\/trinitixshop.de\/fr\/wp-json\/wp\/v2\/media\/3669"}],"wp:attachment":[{"href":"https:\/\/trinitixshop.de\/fr\/wp-json\/wp\/v2\/media?parent=3662"}],"wp:term":[{"taxonomy":"product_brand","embeddable":true,"href":"https:\/\/trinitixshop.de\/fr\/wp-json\/wp\/v2\/product_brand?post=3662"},{"taxonomy":"product_cat","embeddable":true,"href":"https:\/\/trinitixshop.de\/fr\/wp-json\/wp\/v2\/product_cat?post=3662"},{"taxonomy":"product_tag","embeddable":true,"href":"https:\/\/trinitixshop.de\/fr\/wp-json\/wp\/v2\/product_tag?post=3662"}],"curies":[{"name":"wp","href":"https:\/\/api.w.org\/{rel}","templated":true}]}}