{"id":3702,"date":"2024-08-13T10:03:41","date_gmt":"2024-08-13T08:03:41","guid":{"rendered":"https:\/\/trinitixshop.de\/?post_type=product&#038;p=3702"},"modified":"2024-08-13T10:03:41","modified_gmt":"2024-08-13T08:03:41","slug":"tvvys-designer-collection-bijoux-magnetiques-chaine-bicolore-ronde-avec-cristaux-swarovski","status":"publish","type":"product","link":"https:\/\/trinitixshop.de\/fr\/produkt\/tvvys-designer-kollektion-magnetschmuck-kette-bicolor-rund-mit-swarovski-kristallen\/","title":{"rendered":"TVVYS Designer Collection Bijoux magn\u00e9tiques cha\u00eene bicolore ronde avec cristaux Swarovski"},"content":{"rendered":"<p>TVY05020Y<\/p>","protected":false},"excerpt":{"rendered":"<div>TVYS vous pr\u00e9sente cette magnifique collection de designers exclusifs et uniques au design artistique.<\/div>\n<div><\/div>\n<div>Environ \u00d8 25 mm. Incl. ajout gratuit d'une cha\u00eene en acier inoxydable. Longueur env. 45-55 cm.<\/div>\n<div><\/div>\n<div>Serti \u00e0 la main de 21 cristaux Swarovski originaux.<\/div>\n<div><\/div>\n<div>Bicolore : argent et or dur 18 carats. Un accroche-regard discret avec un aspect brillant.<\/div>\n<div><\/div>\n<div>Ce collier magn\u00e9tique d\u00e9licat a \u00e9t\u00e9 con\u00e7u pour nous par un designer exclusif, avec un grand souci du d\u00e9tail.<\/div>\n<div><\/div>\n<div>C'est l'expression de l'espoir et de la joie de vivre.<\/div>\n<div><\/div>\n<div>En tant que compagnon de route, ce talisman est cens\u00e9 offrir une grande force \u00e9nerg\u00e9tique et donner un nouveau courage face aux d\u00e9fis de la vie.<\/div>\n<div><\/div>\n<div>Cette cr\u00e9ation de bijoux finement travaill\u00e9e et pleine de sens vous accompagnera tous les jours.<\/div>\n<div><\/div>\n<div>Les magnifiques bijoux magn\u00e9tiques sont synonymes de l\u00e9g\u00e8ret\u00e9, d'\u00e9nergie et d'\u00e9l\u00e9gance ! Chacun de nos bijoux est dot\u00e9 d'aimants n\u00e9odyme puissants et de haute qualit\u00e9. Aimant n\u00e9odyme inlay avec environ 2.200 gauss.<\/div>\n<div><\/div>\n<div>Cet accessoire glamour est fabriqu\u00e9 en acier inoxydable chirurgical, exempt de cadmium, de nickel et de plomb. Non allergique<\/div>","protected":false},"featured_media":3686,"comment_status":"open","ping_status":"closed","template":"","meta":[],"product_brand":[],"product_cat":[17,21],"product_tag":[143],"class_list":{"0":"post-3702","1":"product","2":"type-product","3":"status-publish","4":"has-post-thumbnail","6":"product_cat-alle-produkte","7":"product_cat-halsketten","8":"product_tag-tvvys","9":"thunk-woo-product-list","10":"opn-qv-enable","11":"top-store-woo-hover-zoom","12":"top-store-single-product-tab-horizontal","13":"top-store-shadow-","14":"top-store-shadow-hover-","16":"first","17":"instock","18":"sale","19":"taxable","20":"shipping-taxable","21":"purchasable","22":"product-type-simple"},"_links":{"self":[{"href":"https:\/\/trinitixshop.de\/fr\/wp-json\/wp\/v2\/product\/3702","targetHints":{"allow":["GET"]}}],"collection":[{"href":"https:\/\/trinitixshop.de\/fr\/wp-json\/wp\/v2\/product"}],"about":[{"href":"https:\/\/trinitixshop.de\/fr\/wp-json\/wp\/v2\/types\/product"}],"replies":[{"embeddable":true,"href":"https:\/\/trinitixshop.de\/fr\/wp-json\/wp\/v2\/comments?post=3702"}],"wp:featuredmedia":[{"embeddable":true,"href":"https:\/\/trinitixshop.de\/fr\/wp-json\/wp\/v2\/media\/3686"}],"wp:attachment":[{"href":"https:\/\/trinitixshop.de\/fr\/wp-json\/wp\/v2\/media?parent=3702"}],"wp:term":[{"taxonomy":"product_brand","embeddable":true,"href":"https:\/\/trinitixshop.de\/fr\/wp-json\/wp\/v2\/product_brand?post=3702"},{"taxonomy":"product_cat","embeddable":true,"href":"https:\/\/trinitixshop.de\/fr\/wp-json\/wp\/v2\/product_cat?post=3702"},{"taxonomy":"product_tag","embeddable":true,"href":"https:\/\/trinitixshop.de\/fr\/wp-json\/wp\/v2\/product_tag?post=3702"}],"curies":[{"name":"wp","href":"https:\/\/api.w.org\/{rel}","templated":true}]}}