{"id":3710,"date":"2024-08-13T10:54:53","date_gmt":"2024-08-13T08:54:53","guid":{"rendered":"https:\/\/trinitixshop.de\/?post_type=product&#038;p=3710"},"modified":"2025-07-29T14:17:59","modified_gmt":"2025-07-29T12:17:59","slug":"barre-magnetique-power-patte-avec-swarovski-crystal","status":"publish","type":"product","link":"https:\/\/trinitixshop.de\/fr\/produkt\/power-magnetstab-pfote-mit-swarovski-crystal\/","title":{"rendered":"Power Magnetstab Pfote mit Swarovski Crystal # 1449"},"content":{"rendered":"<p>WX144900T<\/p>","protected":false},"excerpt":{"rendered":"<div class=\"width-80\">\n<p>TCM Power barre magn\u00e9tique patte avec cristal Swarovski scintillant. Longueur env. 19 cm.<\/p>\n<p>Mod\u00e8le massif et form\u00e9. Fabriqu\u00e9 \u00e0 la main.<\/p>\n<p>Acier inoxydable, cadmium, nickel et hypoallerg\u00e9nique.<\/p>\n<p>Avec aimant extra puissant \u00e0 l'extr\u00e9mit\u00e9 de la tige ( env. 3.000 gauss ).<\/p>\n<p>Am\u00e9liore l'\u00e9nergie de votre boisson. Si la force magn\u00e9tique peut modifier positivement l'eau, vous pouvez imaginer l'effet positif sur votre structure corporelle.<\/p>\n<\/div>\n<div class=\"width-80\">Magnetisierte Getr\u00e4nke &#8211; eine Wohltat f\u00fcr den K\u00f6rper. Stellen Sie den Powerstab in Ihr Getr\u00e4nk (Wasser, Saft, Bier, Wein \u2026etc.). Die Beschaffenheit des Getr\u00e4nkes wird durch diesen Stab positiv ver\u00e4ndert. Viele Kunden berichten, dass Getr\u00e4nk verbessere seinen Geschmack und wird weicher.73 % des K\u00f6rpers besteht aus Wasser, das Innere des Kopfes sogar zu 80%. Forscher haben entdeckt, das sich das Energieniveau von Wasser erh\u00f6ht, wenn es mit positiver Energie angereichert wird. Sogar seine Struktur ver\u00e4ndert sich, dass alles perfekt und harmonisch angeordnet ist.<\/p>\n<\/div>\n<div class=\"width-80\"><\/div>\n<div class=\"width-80\">\n<p>Plus l'\u00e9nergie positive est forte, plus l'eau est harmonieuse. Un niveau d'\u00e9nergie n\u00e9gatif de l'eau influence n\u00e9gativement notre structure corporelle.<\/p>\n<p>Placer la tige de puissance directement dans le verre, chaud ou froid, mais pas bouillant.<\/p>\n<\/div>\n<div class=\"width-80\">Il ne faut qu'une dizaine de secondes pour que le liquide soit magn\u00e9tis\u00e9 et m\u00e9lang\u00e9 \u00e0 de l'eau.<br \/>\nenrichi d'\u00e9nergie positive.<\/div>","protected":false},"featured_media":3711,"comment_status":"open","ping_status":"closed","template":"","meta":[],"product_brand":[],"product_cat":[17,22],"product_tag":[29],"class_list":{"0":"post-3710","1":"product","2":"type-product","3":"status-publish","4":"has-post-thumbnail","6":"product_cat-alle-produkte","7":"product_cat-wasserstabe","8":"product_tag-remedium","9":"thunk-woo-product-list","10":"opn-qv-enable","11":"top-store-woo-hover-zoom","12":"top-store-single-product-tab-horizontal","13":"top-store-shadow-","14":"top-store-shadow-hover-","16":"first","17":"instock","18":"sale","19":"taxable","20":"shipping-taxable","21":"purchasable","22":"product-type-simple"},"_links":{"self":[{"href":"https:\/\/trinitixshop.de\/fr\/wp-json\/wp\/v2\/product\/3710","targetHints":{"allow":["GET"]}}],"collection":[{"href":"https:\/\/trinitixshop.de\/fr\/wp-json\/wp\/v2\/product"}],"about":[{"href":"https:\/\/trinitixshop.de\/fr\/wp-json\/wp\/v2\/types\/product"}],"replies":[{"embeddable":true,"href":"https:\/\/trinitixshop.de\/fr\/wp-json\/wp\/v2\/comments?post=3710"}],"wp:featuredmedia":[{"embeddable":true,"href":"https:\/\/trinitixshop.de\/fr\/wp-json\/wp\/v2\/media\/3711"}],"wp:attachment":[{"href":"https:\/\/trinitixshop.de\/fr\/wp-json\/wp\/v2\/media?parent=3710"}],"wp:term":[{"taxonomy":"product_brand","embeddable":true,"href":"https:\/\/trinitixshop.de\/fr\/wp-json\/wp\/v2\/product_brand?post=3710"},{"taxonomy":"product_cat","embeddable":true,"href":"https:\/\/trinitixshop.de\/fr\/wp-json\/wp\/v2\/product_cat?post=3710"},{"taxonomy":"product_tag","embeddable":true,"href":"https:\/\/trinitixshop.de\/fr\/wp-json\/wp\/v2\/product_tag?post=3710"}],"curies":[{"name":"wp","href":"https:\/\/api.w.org\/{rel}","templated":true}]}}